{"id":1971,"date":"2024-12-16T17:10:13","date_gmt":"2024-12-16T17:10:13","guid":{"rendered":"https:\/\/lindausa.com.br\/?page_id=1971"},"modified":"2026-01-29T14:08:56","modified_gmt":"2026-01-29T14:08:56","slug":"nossas-politicas","status":"publish","type":"page","link":"https:\/\/lindausa.com.br\/en\/nossas-politicas\/","title":{"rendered":"Our Policies"},"content":{"rendered":"<div data-elementor-type=\"wp-page\" data-elementor-id=\"1971\" class=\"elementor elementor-1971\">\n\t\t\t\t\t\t<section class=\"elementor-section elementor-top-section elementor-element elementor-element-3jf6xjb elementor-section-content-top elementor-section-boxed elementor-section-height-default elementor-section-height-default\" data-id=\"3jf6xjb\" data-element_type=\"section\" data-settings=\"{&quot;background_background&quot;:&quot;classic&quot;}\">\n\t\t\t\t\t\t\t<div class=\"elementor-background-overlay\"><\/div>\n\t\t\t\t\t\t\t<div class=\"elementor-container elementor-column-gap-no\">\n\t\t\t\t\t<div class=\"elementor-column elementor-col-100 elementor-top-column elementor-element elementor-element-fd3d3a5\" data-id=\"fd3d3a5\" data-element_type=\"column\">\n\t\t\t<div class=\"elementor-widget-wrap elementor-element-populated\">\n\t\t\t\t\t\t<div class=\"elementor-element elementor-element-02c3e36 elementor-widget elementor-widget-heading\" data-id=\"02c3e36\" data-element_type=\"widget\" data-widget_type=\"heading.default\">\n\t\t\t\t<div class=\"elementor-widget-container\">\n\t\t\t\t\t<h2 class=\"elementor-heading-title elementor-size-default\">Conhe\u00e7a nossas pol\u00edticas<\/h2>\t\t\t\t<\/div>\n\t\t\t\t<\/div>\n\t\t\t\t\t<\/div>\n\t\t<\/div>\n\t\t\t\t\t<\/div>\n\t\t<\/section>\n\t\t\t\t<section class=\"elementor-section elementor-top-section elementor-element elementor-element-yi39afn elementor-section-content-top elementor-section-boxed elementor-section-height-default elementor-section-height-default\" data-id=\"yi39afn\" data-element_type=\"section\" data-settings=\"{&quot;background_background&quot;:&quot;classic&quot;}\">\n\t\t\t\t\t\t\t<div class=\"elementor-background-overlay\"><\/div>\n\t\t\t\t\t\t\t<div class=\"elementor-container elementor-column-gap-no\">\n\t\t\t\t\t<div class=\"elementor-column elementor-col-50 elementor-top-column elementor-element elementor-element-233a7da\" data-id=\"233a7da\" data-element_type=\"column\">\n\t\t\t<div class=\"elementor-widget-wrap elementor-element-populated\">\n\t\t\t\t\t\t<div class=\"elementor-element elementor-element-9ab86e5 elementor-widget elementor-widget-text-editor\" data-id=\"9ab86e5\" data-element_type=\"widget\" data-widget_type=\"text-editor.default\">\n\t\t\t\t<div class=\"elementor-widget-container\">\n\t\t\t\t\t\t\t\t\t<ul><li><a href=\"https:\/\/lindausa.com.br\/en\/politica-jogo-responsavel-e-prevencao-aos-transtornos-de-jogo-patologico\/\">POL\u00cdTICA JOGO RESPONS\u00c1VEL E PREVEN\u00c7\u00c3O AOS TRANSTORNOS DE JOGO PATOL\u00d3GICO.<\/a><\/li><\/ul><ul><li><a href=\"https:\/\/lindausa.com.br\/en\/politica-de-gerenciamento-de-risco-de-liquidez\/\">POL\u00cdTICA DE GERENCIAMENTO DE RISCO DE LIQUIDEZ<\/a><\/li><\/ul><ul><li><a href=\"https:\/\/lindausa.com.br\/en\/politica-de-continuidade-da-tecnologia-da-informacao\/\">POL\u00cdTICA DE CONTINUIDADE DA TECNOLOGIA DA INFORMA\u00c7\u00c3O<\/a><\/li><\/ul><ul><li><a href=\"https:\/\/lindausa.com.br\/en\/manual-de-atendimento-ao-cliente\/\">MANUAL DE ATENDIMENTO AO CLIENTE<\/a><\/li><\/ul>\t\t\t\t\t\t\t\t<\/div>\n\t\t\t\t<\/div>\n\t\t\t\t\t<\/div>\n\t\t<\/div>\n\t\t\t\t<div class=\"elementor-column elementor-col-50 elementor-top-column elementor-element elementor-element-d4838ed\" data-id=\"d4838ed\" data-element_type=\"column\">\n\t\t\t<div class=\"elementor-widget-wrap elementor-element-populated\">\n\t\t\t\t\t\t<div class=\"elementor-element elementor-element-76a2ec4 elementor-widget elementor-widget-text-editor\" data-id=\"76a2ec4\" data-element_type=\"widget\" data-widget_type=\"text-editor.default\">\n\t\t\t\t<div class=\"elementor-widget-container\">\n\t\t\t\t\t\t\t\t\t<ul><li><a href=\"https:\/\/lindausa.com.br\/en\/integridade-de-apostas-e-prevencao-a-manipulacao-de-resultados-e-outras-fraudes\/\">POL\u00cdTICA DE INTEGRIDADE DE APOSTAS E PREVEN\u00c7\u00c3O \u00c0 MANIPULA\u00c7\u00c3O DE RESULTADOS E OUTRAS FRAUDES.<\/a><\/li><\/ul><ul><li><a href=\"https:\/\/lindausa.com.br\/en\/codigo-de-integridade-de-apostas-e-prevencao-a-manipulacao-de-resultados-e-outras-fraudes\/\">C\u00d3DIGO DE INTEGRIDADE DE APOSTAS E PREVEN\u00c7\u00c3O \u00c0 MANIPULA\u00c7\u00c3O DE RESULTADOS E OUTRAS FRAUDES<\/a><\/li><\/ul><ul><li><a href=\"https:\/\/lindausa.com.br\/en\/politica-de-prevencao-a-lavagem-de-dinheiro-ao-financiamento-do-terrorismo-e-a-proliferacao-de-armas-de-destruicao-em-massa\/\">POL\u00cdTICA DE PREVEN\u00c7\u00c3O \u00c0 LAVAGEM DE DINHEIRO, AO FINANCIAMENTO DO TERRORISMO E \u00c0 PROLIFERA\u00c7\u00c3O DE ARMAS DE DESTRUI\u00c7\u00c3O EM MASSA.<\/a><\/li><\/ul><ul><li><a href=\"https:\/\/lindausa.com.br\/en\/codigo-de-conduta-e-difusao-de-boas-praticas-de-publicidade-e-propaganda\/\">C\u00d3DIGO DE CONDUTA E DIFUS\u00c3O DE BOAS PR\u00c1TICAS DE PUBLICIDADE E PROPAGANDA.<\/a><\/li><\/ul>\t\t\t\t\t\t\t\t<\/div>\n\t\t\t\t<\/div>\n\t\t\t\t\t<\/div>\n\t\t<\/div>\n\t\t\t\t\t<\/div>\n\t\t<\/section>\n\t\t\t\t<\/div>","protected":false},"excerpt":{"rendered":"<p>Conhe\u00e7a nossas pol\u00edticas POL\u00cdTICA JOGO RESPONS\u00c1VEL E PREVEN\u00c7\u00c3O AOS TRANSTORNOS DE JOGO PATOL\u00d3GICO. POL\u00cdTICA DE GERENCIAMENTO DE RISCO DE LIQUIDEZ POL\u00cdTICA DE CONTINUIDADE DA TECNOLOGIA DA INFORMA\u00c7\u00c3O MANUAL DE ATENDIMENTO AO CLIENTE POL\u00cdTICA DE INTEGRIDADE DE APOSTAS E PREVEN\u00c7\u00c3O \u00c0 MANIPULA\u00c7\u00c3O DE RESULTADOS E OUTRAS FRAUDES. C\u00d3DIGO DE INTEGRIDADE DE APOSTAS E PREVEN\u00c7\u00c3O \u00c0 MANIPULA\u00c7\u00c3O [&hellip;]<\/p>","protected":false},"author":3,"featured_media":0,"parent":0,"menu_order":0,"comment_status":"closed","ping_status":"closed","template":"","meta":{"site-sidebar-layout":"no-sidebar","site-content-layout":"page-builder","ast-site-content-layout":"full-width-container","site-content-style":"default","site-sidebar-style":"default","ast-global-header-display":"","ast-banner-title-visibility":"","ast-main-header-display":"","ast-hfb-above-header-display":"","ast-hfb-below-header-display":"","ast-hfb-mobile-header-display":"","site-post-title":"disabled","ast-breadcrumbs-content":"","ast-featured-img":"disabled","footer-sml-layout":"","theme-transparent-header-meta":"","adv-header-id-meta":"","stick-header-meta":"","header-above-stick-meta":"","header-main-stick-meta":"","header-below-stick-meta":"","astra-migrate-meta-layouts":"set","ast-page-background-enabled":"default","ast-page-background-meta":{"desktop":{"background-color":"var(--ast-global-color-4)","background-image":"","background-repeat":"repeat","background-position":"center center","background-size":"auto","background-attachment":"scroll","background-type":"","background-media":"","overlay-type":"","overlay-color":"","overlay-opacity":"","overlay-gradient":""},"tablet":{"background-color":"","background-image":"","background-repeat":"repeat","background-position":"center center","background-size":"auto","background-attachment":"scroll","background-type":"","background-media":"","overlay-type":"","overlay-color":"","overlay-opacity":"","overlay-gradient":""},"mobile":{"background-color":"","background-image":"","background-repeat":"repeat","background-position":"center center","background-size":"auto","background-attachment":"scroll","background-type":"","background-media":"","overlay-type":"","overlay-color":"","overlay-opacity":"","overlay-gradient":""}},"ast-content-background-meta":{"desktop":{"background-color":"var(--ast-global-color-5)","background-image":"","background-repeat":"repeat","background-position":"center center","background-size":"auto","background-attachment":"scroll","background-type":"","background-media":"","overlay-type":"","overlay-color":"","overlay-opacity":"","overlay-gradient":""},"tablet":{"background-color":"var(--ast-global-color-5)","background-image":"","background-repeat":"repeat","background-position":"center center","background-size":"auto","background-attachment":"scroll","background-type":"","background-media":"","overlay-type":"","overlay-color":"","overlay-opacity":"","overlay-gradient":""},"mobile":{"background-color":"var(--ast-global-color-5)","background-image":"","background-repeat":"repeat","background-position":"center center","background-size":"auto","background-attachment":"scroll","background-type":"","background-media":"","overlay-type":"","overlay-color":"","overlay-opacity":"","overlay-gradient":""}},"footnotes":""},"class_list":["post-1971","page","type-page","status-publish","hentry"],"_links":{"self":[{"href":"https:\/\/lindausa.com.br\/en\/wp-json\/wp\/v2\/pages\/1971","targetHints":{"allow":["GET"]}}],"collection":[{"href":"https:\/\/lindausa.com.br\/en\/wp-json\/wp\/v2\/pages"}],"about":[{"href":"https:\/\/lindausa.com.br\/en\/wp-json\/wp\/v2\/types\/page"}],"author":[{"embeddable":true,"href":"https:\/\/lindausa.com.br\/en\/wp-json\/wp\/v2\/users\/3"}],"replies":[{"embeddable":true,"href":"https:\/\/lindausa.com.br\/en\/wp-json\/wp\/v2\/comments?post=1971"}],"version-history":[{"count":28,"href":"https:\/\/lindausa.com.br\/en\/wp-json\/wp\/v2\/pages\/1971\/revisions"}],"predecessor-version":[{"id":2006,"href":"https:\/\/lindausa.com.br\/en\/wp-json\/wp\/v2\/pages\/1971\/revisions\/2006"}],"wp:attachment":[{"href":"https:\/\/lindausa.com.br\/en\/wp-json\/wp\/v2\/media?parent=1971"}],"curies":[{"name":"wp","href":"https:\/\/api.w.org\/{rel}","templated":true}]}}